{"id":258,"date":"2018-04-23T11:34:28","date_gmt":"2018-04-23T11:34:28","guid":{"rendered":"https:\/\/snowninja.ca\/?page_id=258"},"modified":"2026-05-07T20:53:45","modified_gmt":"2026-05-07T20:53:45","slug":"apropos","status":"publish","type":"page","link":"https:\/\/snowninja.ca\/fr\/apropos\/","title":{"rendered":"\u00c0 propos"},"content":{"rendered":"\n<figure class=\"wp-block-image\"><img loading=\"lazy\" decoding=\"async\" width=\"1024\" height=\"895\" src=\"https:\/\/snowninja.ca\/wp-content\/uploads\/2019\/10\/logo-nobackground-1024x895.png\" alt=\"\" class=\"wp-image-255\" srcset=\"https:\/\/snowninja.ca\/wp-content\/uploads\/2019\/10\/logo-nobackground-1024x895.png 1024w, https:\/\/snowninja.ca\/wp-content\/uploads\/2019\/10\/logo-nobackground-300x262.png 300w, https:\/\/snowninja.ca\/wp-content\/uploads\/2019\/10\/logo-nobackground-768x671.png 768w, https:\/\/snowninja.ca\/wp-content\/uploads\/2019\/10\/logo-nobackground-1536x1342.png 1536w, https:\/\/snowninja.ca\/wp-content\/uploads\/2019\/10\/logo-nobackground-2048x1790.png 2048w\" sizes=\"auto, (max-width: 1024px) 100vw, 1024px\" \/><\/figure>\n\n\n\n<p>Les produits <strong>SNOW NINJA<\/strong> sont con\u00e7us pour \u200bLes Industries Martin &amp; Associ\u00e9s.<\/p>\n\n\n\n<p>Les Industries Martin &amp; Associ\u00e9s est une entreprise familiale canadienne fond\u00e9e en 1994 qui dessert les industries de la peinture, de la d\u00e9coration d&rsquo;int\u00e9rieur, de la quincaillerie et des produits saisonniers.\u00a0<\/p>\n\n\n\n<p>Notre mission est de fournir des produits sp\u00e9cialis\u00e9s de qualit\u00e9 \u00e0 des prix comp\u00e9titifs. Nous nous effor\u00e7ons sans cesse de faire des Industries Martin &amp; Associ\u00e9s un nom synonyme de produits de qualit\u00e9 et de service extraordinaire auxquels nos clients se sont habitu\u00e9s, pla\u00e7ant ainsi la barre toujours plus haute.<\/p>\n\n\n\n<p>Par exemple, nous avons collabor\u00e9 avec notre \u00e9quipe de concepteurs qui offre plus de 30 ann\u00e9es d\u2019innovation dans la cr\u00e9ation de produits de qualit\u00e9. Reliant design, utilit\u00e9 et r\u00e9sultats \u2026 nos produits sont con\u00e7us pour les consommateurs canadiens et leur vie quotidienne.<\/p>\n\n\n\n<p>Les balais \u00e0 neige <strong>SNOW NINJA<\/strong> sont les premiers produits issus de cette collaboration. <strong>SNOW NINJA<\/strong> sont des produits hivernaux haut de gamme qui associent parfaitement design et innovation, facilitant le nettoyage et simplifiant le quotidien! <\/p>\n\n\n\n<p><strong>SNOW NINJA<\/strong>, un niveau <strong>sup\u00e9rieur<\/strong> de balai \u00e0 neige.<\/p>\n","protected":false},"excerpt":{"rendered":"<p>Les produits SNOW NINJA sont con\u00e7us pour \u200bLes Industries Martin &amp; Associ\u00e9s. Les Industries Martin &amp; Associ\u00e9s est une entreprise familiale canadienne fond\u00e9e en 1994 qui dessert les&hellip;<\/p>\n","protected":false},"author":2,"featured_media":0,"parent":0,"menu_order":0,"comment_status":"closed","ping_status":"closed","template":"template-full-width.php","meta":{"footnotes":""},"class_list":["post-258","page","type-page","status-publish","has-post-thumbnail","hentry"],"_links":{"self":[{"href":"https:\/\/snowninja.ca\/fr\/wp-json\/wp\/v2\/pages\/258","targetHints":{"allow":["GET"]}}],"collection":[{"href":"https:\/\/snowninja.ca\/fr\/wp-json\/wp\/v2\/pages"}],"about":[{"href":"https:\/\/snowninja.ca\/fr\/wp-json\/wp\/v2\/types\/page"}],"author":[{"embeddable":true,"href":"https:\/\/snowninja.ca\/fr\/wp-json\/wp\/v2\/users\/2"}],"replies":[{"embeddable":true,"href":"https:\/\/snowninja.ca\/fr\/wp-json\/wp\/v2\/comments?post=258"}],"version-history":[{"count":1,"href":"https:\/\/snowninja.ca\/fr\/wp-json\/wp\/v2\/pages\/258\/revisions"}],"predecessor-version":[{"id":630,"href":"https:\/\/snowninja.ca\/fr\/wp-json\/wp\/v2\/pages\/258\/revisions\/630"}],"wp:attachment":[{"href":"https:\/\/snowninja.ca\/fr\/wp-json\/wp\/v2\/media?parent=258"}],"curies":[{"name":"wp","href":"https:\/\/api.w.org\/{rel}","templated":true}]}}