{"id":315,"date":"2019-10-30T20:47:26","date_gmt":"2019-10-30T20:47:26","guid":{"rendered":"https:\/\/snowninja.ca\/?page_id=315"},"modified":"2026-05-08T09:56:48","modified_gmt":"2026-05-08T09:56:48","slug":"sweep-2","status":"publish","type":"page","link":"https:\/\/snowninja.ca\/fr\/sweep-2\/","title":{"rendered":"SWEEP"},"content":{"rendered":"\n<h2 class=\"wp-block-heading\">SWEEP BALAI \u00c0 NEIGE EXTENSIBLE<\/h2>\n\n\n\n<div class=\"wp-block-image\"><figure class=\"aligncenter\"><img loading=\"lazy\" decoding=\"async\" width=\"1024\" height=\"229\" src=\"https:\/\/snowninja.ca\/wp-content\/uploads\/2019\/10\/BlizzardProduct-1024x229.png\" alt=\"\" class=\"wp-image-201\" srcset=\"https:\/\/snowninja.ca\/wp-content\/uploads\/2019\/10\/BlizzardProduct-1024x229.png 1024w, https:\/\/snowninja.ca\/wp-content\/uploads\/2019\/10\/BlizzardProduct-300x67.png 300w, https:\/\/snowninja.ca\/wp-content\/uploads\/2019\/10\/BlizzardProduct-768x172.png 768w, https:\/\/snowninja.ca\/wp-content\/uploads\/2019\/10\/BlizzardProduct.png 1500w\" sizes=\"auto, (max-width: 1024px) 100vw, 1024px\" \/><\/figure><\/div>\n\n\n\n<p>Ce balais \u00e0 neige polyvalent de&nbsp;<strong>SNOW NINJA<\/strong>&nbsp;est con\u00e7u pour vous aider \u00e0 vaincre la neige! Le&nbsp;<strong>Sweep <\/strong>de<strong> SNOW NINJA&nbsp;<\/strong>vous permet de facilement de pousser, de retirer ou balayez la neige de la voiture avec la t\u00eate \u00e0 poils. Allonger la t\u00eate de brosse jusqu\u2019\u00e0 48 pouces pour atteindre la neige difficiles \u00e0 rejoindre sur votre voiture, camion, v\u00e9hicule utilitaire sport ou fourgonnette tout en \u00e9vitant de renverser la neige dans vos bottes. Le grattoir flexible s\u2019adapte parfaitement \u00e0 vos fen\u00eatres et la courbe du pare-brise gr\u00e2ce \u00e0 sa flexibilit\u00e9 in\u00e9gal\u00e9e. Id\u00e9al pour tous les VUS, voitures, camions et fourgonnettes. Le&nbsp;<strong>SNOW NINJA&nbsp;<\/strong>a \u00e9t\u00e9 con\u00e7u au Canada (au Qu\u00e9bec, pour \u00eatre pr\u00e9cis) par des Canadiens pour une entreprise canadienne \u2026 et nous avons beaucoup de neige et beaucoup de glace \u2026<\/p>\n\n\n\n<p><strong>L\u2019hiver, on connait \u00e7a<\/strong><sup>TM<\/sup>!<\/p>\n\n\n\n<figure class=\"wp-block-image alignwide\"><img decoding=\"async\" src=\"https:\/\/snowninja.ca\/wp-content\/uploads\/2019\/10\/Blizzard-Graphic-FR-1024x445.png\" alt=\"\" class=\"wp-image-310\"\/><\/figure>\n\n\n\n<h3 class=\"wp-block-heading\">LES POILS LES PLUS DOUX<\/h3>\n\n\n\n<p>Faits des meilleurs mat\u00e9riaux et fabriqu\u00e9s sous contr\u00f4le num\u00e9rique, les poils du <strong>SNOW NINJA<\/strong> offrent un d\u00e9neigement efficace.<\/p>\n\n\n\n<div class=\"wp-block-image\"><figure class=\"aligncenter\"><img decoding=\"async\" src=\"https:\/\/snowninja.ca\/wp-content\/uploads\/2019\/10\/Blizzard-Graphic2-FR.png\" alt=\"\" class=\"wp-image-308\"\/><\/figure><\/div>\n\n\n\n<h3 class=\"wp-block-heading\">UNIQUE T\u00caTE ROTATIVE \u00c0  360\u00b0<\/h3>\n\n\n\n<p>L\u2019unique t\u00eate rotative \u00e0 360\u00b0 et brevet\u00e9e du <strong>SWEEP<\/strong> de<strong> SNOW NINJA<\/strong> nettoie les surfaces sup\u00e9rieures et les panneaux lat\u00e9raux facilement et sans effort. Cette articulation sph\u00e9rique multi-positions permet de nettoyer toutes les surfaces de mani\u00e8re ergonomique en appuyant simplement sur un bouton. Position compacte pour le rangement, position \u00abT\u00bb pour une meilleure action de pouss\u00e9e et de traction et position unique de \u00abbalai\u00bb pour nettoyer confortablement tous les panneaux lat\u00e9raux et les fen\u00eatres.<\/p>\n\n\n\n<div class=\"wp-block-image\"><figure class=\"aligncenter\"><img decoding=\"async\" src=\"https:\/\/snowninja.ca\/wp-content\/uploads\/2019\/10\/Flexiblescraper.png\" alt=\"\" class=\"wp-image-330\"\/><\/figure><\/div>\n\n\n\n<h3 class=\"wp-block-heading\">GRATTOIR FLEXIBLE<\/h3>\n\n\n\n<p>Tous les balais <strong>SNOW NINJA<\/strong> sont \u00e9quip\u00e9s de ce grattoir flexible unique et brevet\u00e9. Il s\u2019adapte \u00e0 toutes vos fen\u00eatres et aux courbes de pare-brise pour un d\u00e9givrage parfait et uniforme.<\/p>\n\n\n\n<div class=\"wp-block-columns alignwide has-4-columns is-layout-flex wp-container-core-columns-is-layout-9d6595d7 wp-block-columns-is-layout-flex\">\n<div class=\"wp-block-column is-layout-flow wp-block-column-is-layout-flow\">\n<p> <\/p>\n<\/div>\n\n\n\n<div class=\"wp-block-column is-layout-flow wp-block-column-is-layout-flow\">\n<div class=\"wp-block-image\"><figure class=\"aligncenter is-resized\"><img loading=\"lazy\" decoding=\"async\" src=\"https:\/\/snowninja.ca\/wp-content\/uploads\/2019\/10\/HaevyDutyCanadianDesignFR.png\" alt=\"\" class=\"wp-image-235\" width=\"235\" height=\"210\" srcset=\"https:\/\/snowninja.ca\/wp-content\/uploads\/2019\/10\/HaevyDutyCanadianDesignFR.png 500w, https:\/\/snowninja.ca\/wp-content\/uploads\/2019\/10\/HaevyDutyCanadianDesignFR-300x269.png 300w\" sizes=\"auto, (max-width: 235px) 100vw, 235px\" \/><\/figure><\/div>\n<\/div>\n\n\n\n<div class=\"wp-block-column is-layout-flow wp-block-column-is-layout-flow\">\n<div class=\"wp-block-image\"><figure class=\"aligncenter is-resized\"><img loading=\"lazy\" decoding=\"async\" src=\"https:\/\/snowninja.ca\/wp-content\/uploads\/2019\/10\/TestedForWinter-Fr.png\" alt=\"\" class=\"wp-image-237\" width=\"235\" height=\"210\" srcset=\"https:\/\/snowninja.ca\/wp-content\/uploads\/2019\/10\/TestedForWinter-Fr.png 500w, https:\/\/snowninja.ca\/wp-content\/uploads\/2019\/10\/TestedForWinter-Fr-300x269.png 300w\" sizes=\"auto, (max-width: 235px) 100vw, 235px\" \/><\/figure><\/div>\n<\/div>\n\n\n\n<div class=\"wp-block-column is-layout-flow wp-block-column-is-layout-flow\">\n<p> <\/p>\n<\/div>\n<\/div>\n\n\n\n<h3 class=\"wp-block-heading\">Caract\u00e9ristiques<\/h3>\n\n\n\n<ul class=\"wp-block-list\"><li>Balais \u00e0 neige avec t\u00eate rotative 360\u00b0 unique<\/li><li>Les poils les plus doux<\/li><li>Prise confortable pour facilit\u00e9 \u00e0 l&rsquo;utilisation<\/li><li>S&rsquo;\u00e9tend de 36 \u00e0 48 pouces (91 \u00e0 122 cm)<\/li><li>Grattoir flexible<\/li><li>Test\u00e9 pour l&rsquo;hiver \u00e0 -40\u00b0C<\/li><li>Conception canadienne robuste<\/li><\/ul>\n\n\n\n<div class=\"wp-block-image\"><figure class=\"aligncenter\"><img loading=\"lazy\" decoding=\"async\" width=\"1024\" height=\"1024\" src=\"https:\/\/snowninja.ca\/wp-content\/uploads\/2019\/10\/SnowNinja-Bliazzrd-Logo-Web-1024x1024.png\" alt=\"\" class=\"wp-image-374\" srcset=\"https:\/\/snowninja.ca\/wp-content\/uploads\/2019\/10\/SnowNinja-Bliazzrd-Logo-Web-1024x1024.png 1024w, https:\/\/snowninja.ca\/wp-content\/uploads\/2019\/10\/SnowNinja-Bliazzrd-Logo-Web-300x300.png 300w, https:\/\/snowninja.ca\/wp-content\/uploads\/2019\/10\/SnowNinja-Bliazzrd-Logo-Web-150x150.png 150w, https:\/\/snowninja.ca\/wp-content\/uploads\/2019\/10\/SnowNinja-Bliazzrd-Logo-Web-768x768.png 768w, https:\/\/snowninja.ca\/wp-content\/uploads\/2019\/10\/SnowNinja-Bliazzrd-Logo-Web.png 1500w\" sizes=\"auto, (max-width: 1024px) 100vw, 1024px\" \/><\/figure><\/div>\n","protected":false},"excerpt":{"rendered":"<p>SWEEP BALAI \u00c0 NEIGE EXTENSIBLE Ce balais \u00e0 neige polyvalent de&nbsp;SNOW NINJA&nbsp;est con\u00e7u pour vous aider \u00e0 vaincre la neige! Le&nbsp;Sweep de SNOW NINJA&nbsp;vous permet de facilement de&hellip;<\/p>\n","protected":false},"author":2,"featured_media":0,"parent":0,"menu_order":0,"comment_status":"closed","ping_status":"closed","template":"template-full-width.php","meta":{"footnotes":""},"class_list":["post-315","page","type-page","status-publish","has-post-thumbnail","hentry"],"_links":{"self":[{"href":"https:\/\/snowninja.ca\/fr\/wp-json\/wp\/v2\/pages\/315","targetHints":{"allow":["GET"]}}],"collection":[{"href":"https:\/\/snowninja.ca\/fr\/wp-json\/wp\/v2\/pages"}],"about":[{"href":"https:\/\/snowninja.ca\/fr\/wp-json\/wp\/v2\/types\/page"}],"author":[{"embeddable":true,"href":"https:\/\/snowninja.ca\/fr\/wp-json\/wp\/v2\/users\/2"}],"replies":[{"embeddable":true,"href":"https:\/\/snowninja.ca\/fr\/wp-json\/wp\/v2\/comments?post=315"}],"version-history":[{"count":1,"href":"https:\/\/snowninja.ca\/fr\/wp-json\/wp\/v2\/pages\/315\/revisions"}],"predecessor-version":[{"id":767,"href":"https:\/\/snowninja.ca\/fr\/wp-json\/wp\/v2\/pages\/315\/revisions\/767"}],"wp:attachment":[{"href":"https:\/\/snowninja.ca\/fr\/wp-json\/wp\/v2\/media?parent=315"}],"curies":[{"name":"wp","href":"https:\/\/api.w.org\/{rel}","templated":true}]}}