{"id":349,"date":"2019-10-31T14:56:12","date_gmt":"2019-10-31T14:56:12","guid":{"rendered":"https:\/\/snowninja.ca\/?page_id=349"},"modified":"2026-05-08T09:49:02","modified_gmt":"2026-05-08T09:49:02","slug":"grattoir","status":"publish","type":"page","link":"https:\/\/snowninja.ca\/fr\/grattoir\/","title":{"rendered":"GRATTOIR"},"content":{"rendered":"\n<h2 class=\"wp-block-heading\">GRATTOIR<\/h2>\n\n\n\n<div class=\"wp-block-image\"><figure class=\"aligncenter\"><img loading=\"lazy\" decoding=\"async\" width=\"1007\" height=\"354\" src=\"https:\/\/snowninja.ca\/wp-content\/uploads\/2019\/10\/BladeScraperProduct.png\" alt=\"\" class=\"wp-image-195\" srcset=\"https:\/\/snowninja.ca\/wp-content\/uploads\/2019\/10\/BladeScraperProduct.png 1007w, https:\/\/snowninja.ca\/wp-content\/uploads\/2019\/10\/BladeScraperProduct-300x105.png 300w, https:\/\/snowninja.ca\/wp-content\/uploads\/2019\/10\/BladeScraperProduct-768x270.png 768w\" sizes=\"auto, (max-width: 1007px) 100vw, 1007px\" \/><\/figure><\/div>\n\n\n\n<h3 class=\"wp-block-heading\">SANS RAYURES<\/h3>\n\n\n\n<p>La lame de grattoir flexible, unique et brevet\u00e9e du <strong>GRATTOIR SNOW NINJA<\/strong> s&rsquo;adapte aux fen\u00eatres et aux courbes de pare-brise pour vous offrir une puissance de grattage sans pr\u00e9c\u00e9dent. Ce grattoir enl\u00e8vera le givre et la glace avec furtivit\u00e9.<\/p>\n\n\n\n<figure class=\"wp-block-image\"><img loading=\"lazy\" decoding=\"async\" width=\"556\" height=\"329\" src=\"https:\/\/snowninja.ca\/wp-content\/uploads\/2019\/10\/Flexiblescraper.png\" alt=\"\" class=\"wp-image-329\" srcset=\"https:\/\/snowninja.ca\/wp-content\/uploads\/2019\/10\/Flexiblescraper.png 556w, https:\/\/snowninja.ca\/wp-content\/uploads\/2019\/10\/Flexiblescraper-300x178.png 300w\" sizes=\"auto, (max-width: 556px) 100vw, 556px\" \/><\/figure>\n\n\n\n<h3 class=\"wp-block-heading\">GRATTOIR FLEXIBLE<\/h3>\n\n\n\n<p>Il s&rsquo;adapte \u00e0 toutes vos fen\u00eatres et courbes de pare-brise pour un d\u00e9givrage parfait et uniforme.<\/p>\n\n\n\n<p>La <strong> SNOW NINJA D\u00c9NEIGEUSE <\/strong>a \u00e9t\u00e9 con\u00e7ue au Canada (au Qu\u00e9bec, pour \u00eatre pr\u00e9cis) par une entreprise canadienne \u2026 et nous avons beaucoup de neige et beaucoup de glace \u2026<\/p>\n\n\n\n<p><strong> L&rsquo;hiver, on connait \u00e7a<sup>TM<\/sup><\/strong>!<\/p>\n\n\n\n<h3 class=\"wp-block-heading\"><strong>Carat<\/strong>\u00e9ristiques<\/h3>\n\n\n\n<ul class=\"wp-block-list\"><li>Le grattoir flexible brevet\u00e9 s&rsquo;adapte aux courbes des fen\u00eatres et des pare brise<\/li><li>Prise confortable pour facilit\u00e9 l&rsquo;ultilisation<\/li><li>D\u00e9velopp\u00e9 pour les hivers canadiens rigoureux<\/li><li>La taille compacte est facile \u00e0 ranger ou \u00e0 suspendre dans votre coffre<\/li><li>Pour enlever la glace et le givre rapidement, simplement et facilement<\/li><\/ul>\n\n\n\n<div class=\"wp-block-columns alignwide has-4-columns is-layout-flex wp-container-core-columns-is-layout-9d6595d7 wp-block-columns-is-layout-flex\">\n<div class=\"wp-block-column is-layout-flow wp-block-column-is-layout-flow\">\n<p> <\/p>\n<\/div>\n\n\n\n<div class=\"wp-block-column is-layout-flow wp-block-column-is-layout-flow\">\n<div class=\"wp-block-image\"><figure class=\"aligncenter\"><img loading=\"lazy\" decoding=\"async\" width=\"500\" height=\"449\" src=\"https:\/\/snowninja.ca\/wp-content\/uploads\/2019\/10\/HaevyDutyCanadianDesignFR.png\" alt=\"\" class=\"wp-image-235\" srcset=\"https:\/\/snowninja.ca\/wp-content\/uploads\/2019\/10\/HaevyDutyCanadianDesignFR.png 500w, https:\/\/snowninja.ca\/wp-content\/uploads\/2019\/10\/HaevyDutyCanadianDesignFR-300x269.png 300w\" sizes=\"auto, (max-width: 500px) 100vw, 500px\" \/><\/figure><\/div>\n<\/div>\n\n\n\n<div class=\"wp-block-column is-layout-flow wp-block-column-is-layout-flow\">\n<div class=\"wp-block-image\"><figure class=\"aligncenter\"><img loading=\"lazy\" decoding=\"async\" width=\"500\" height=\"449\" src=\"https:\/\/snowninja.ca\/wp-content\/uploads\/2019\/10\/TestedForWinter-Fr.png\" alt=\"\" class=\"wp-image-237\" srcset=\"https:\/\/snowninja.ca\/wp-content\/uploads\/2019\/10\/TestedForWinter-Fr.png 500w, https:\/\/snowninja.ca\/wp-content\/uploads\/2019\/10\/TestedForWinter-Fr-300x269.png 300w\" sizes=\"auto, (max-width: 500px) 100vw, 500px\" \/><\/figure><\/div>\n<\/div>\n\n\n\n<div class=\"wp-block-column is-layout-flow wp-block-column-is-layout-flow\">\n<p> <\/p>\n<\/div>\n<\/div>\n\n\n\n<div class=\"wp-block-image\"><figure class=\"aligncenter\"><img loading=\"lazy\" decoding=\"async\" width=\"1024\" height=\"1024\" src=\"https:\/\/snowninja.ca\/wp-content\/uploads\/2019\/10\/SnowNinja-Scraper-Logo-Web-1024x1024.png\" alt=\"\" class=\"wp-image-380\" srcset=\"https:\/\/snowninja.ca\/wp-content\/uploads\/2019\/10\/SnowNinja-Scraper-Logo-Web-1024x1024.png 1024w, https:\/\/snowninja.ca\/wp-content\/uploads\/2019\/10\/SnowNinja-Scraper-Logo-Web-300x300.png 300w, https:\/\/snowninja.ca\/wp-content\/uploads\/2019\/10\/SnowNinja-Scraper-Logo-Web-150x150.png 150w, https:\/\/snowninja.ca\/wp-content\/uploads\/2019\/10\/SnowNinja-Scraper-Logo-Web-768x768.png 768w, https:\/\/snowninja.ca\/wp-content\/uploads\/2019\/10\/SnowNinja-Scraper-Logo-Web.png 1500w\" sizes=\"auto, (max-width: 1024px) 100vw, 1024px\" \/><\/figure><\/div>\n","protected":false},"excerpt":{"rendered":"<p>GRATTOIR SANS RAYURES La lame de grattoir flexible, unique et brevet\u00e9e du GRATTOIR SNOW NINJA s&rsquo;adapte aux fen\u00eatres et aux courbes de pare-brise pour vous offrir une puissance&hellip;<\/p>\n","protected":false},"author":2,"featured_media":0,"parent":0,"menu_order":0,"comment_status":"closed","ping_status":"closed","template":"template-full-width.php","meta":{"footnotes":""},"class_list":["post-349","page","type-page","status-publish","has-post-thumbnail","hentry"],"_links":{"self":[{"href":"https:\/\/snowninja.ca\/fr\/wp-json\/wp\/v2\/pages\/349","targetHints":{"allow":["GET"]}}],"collection":[{"href":"https:\/\/snowninja.ca\/fr\/wp-json\/wp\/v2\/pages"}],"about":[{"href":"https:\/\/snowninja.ca\/fr\/wp-json\/wp\/v2\/types\/page"}],"author":[{"embeddable":true,"href":"https:\/\/snowninja.ca\/fr\/wp-json\/wp\/v2\/users\/2"}],"replies":[{"embeddable":true,"href":"https:\/\/snowninja.ca\/fr\/wp-json\/wp\/v2\/comments?post=349"}],"version-history":[{"count":1,"href":"https:\/\/snowninja.ca\/fr\/wp-json\/wp\/v2\/pages\/349\/revisions"}],"predecessor-version":[{"id":755,"href":"https:\/\/snowninja.ca\/fr\/wp-json\/wp\/v2\/pages\/349\/revisions\/755"}],"wp:attachment":[{"href":"https:\/\/snowninja.ca\/fr\/wp-json\/wp\/v2\/media?parent=349"}],"curies":[{"name":"wp","href":"https:\/\/api.w.org\/{rel}","templated":true}]}}