{"id":362,"date":"2018-04-23T11:33:24","date_gmt":"2018-04-23T11:33:24","guid":{"rendered":"https:\/\/snowninja.ca\/?page_id=362"},"modified":"2026-05-08T11:17:47","modified_gmt":"2026-05-08T11:17:47","slug":"acceuil","status":"publish","type":"page","link":"https:\/\/snowninja.ca\/fr\/","title":{"rendered":"ACCUEUIL"},"content":{"rendered":"\n\n\n\n\n<div class=\"wp-block-columns alignwide has-4-columns is-layout-flex wp-container-core-columns-is-layout-9d6595d7 wp-block-columns-is-layout-flex\">\n<div class=\"wp-block-column is-layout-flow wp-block-column-is-layout-flow\"><div class=\"image-swap-container effect-fade\" style=\"border-radius:8px;width:100%;height:auto;\"><img decoding=\"async\" class=\"default-image\" src=\"https:\/\/snowninja.ca\/wp-content\/uploads\/2019\/10\/ScraperGreen.jpg\" alt=\"Default image\" style=\"transition-duration:0.4s;\"><img decoding=\"async\" class=\"hover-image\"  src=\"https:\/\/snowninja.ca\/wp-content\/uploads\/2019\/10\/SnowNinja-Scraper-Logo-Web.png\" alt=\"Hover image\" style=\"transition-duration:0.4s;\"><\/div>\n\n\n<h3 class=\"wp-block-heading has-text-align-center\"><a href=\"https:\/\/snowninja.ca\/fr\/grattoir\/\" data-type=\"page\" data-id=\"349\">GRATTOIR<\/a><\/h3>\n<\/div>\n\n\n\n<div class=\"wp-block-column is-layout-flow wp-block-column-is-layout-flow\"><div class=\"image-swap-container effect-fade\" style=\"border-radius:8px;width:100%;height:auto;\"><img decoding=\"async\" class=\"default-image\" src=\"https:\/\/snowninja.ca\/wp-content\/uploads\/2026\/05\/BristleGreen.jpg\" alt=\"Default image\" style=\"transition-duration:0.4s;\"><img decoding=\"async\" class=\"hover-image\"  src=\"https:\/\/snowninja.ca\/wp-content\/uploads\/2026\/05\/SnowNinja-Bristle-Logo-Web.jpg\" alt=\"Hover image\" style=\"transition-duration:0.4s;\"><\/div>\n\n\n<h3 class=\"wp-block-heading has-text-align-center\"><a href=\"https:\/\/snowninja.ca\/fr\/bristle\/\" data-type=\"page\" data-id=\"779\">BRISTLE<\/a><\/h3>\n<\/div>\n\n\n\n<div class=\"wp-block-column is-layout-flow wp-block-column-is-layout-flow\"><div class=\"image-swap-container effect-fade\" style=\"border-radius:8px;width:100%;height:auto;\"><img decoding=\"async\" class=\"default-image\" src=\"https:\/\/snowninja.ca\/wp-content\/uploads\/2021\/10\/TPlowGreen.jpg\" alt=\"Default image\" style=\"transition-duration:0.4s;\"><img decoding=\"async\" class=\"hover-image\"  src=\"https:\/\/snowninja.ca\/wp-content\/uploads\/2019\/10\/SnowNinja-Plow-Logo-Web.png\" alt=\"Hover image\" style=\"transition-duration:0.4s;\"><\/div>\n\n\n<h3 class=\"wp-block-heading has-text-align-center\"><a href=\"https:\/\/snowninja.ca\/fr\/deneigeuse\/\" data-type=\"page\" data-id=\"340\">T-PLOW<\/a><\/h3>\n<\/div>\n<\/div>\n\n\n\n<div class=\"wp-block-columns alignwide has-4-columns is-layout-flex wp-container-core-columns-is-layout-9d6595d7 wp-block-columns-is-layout-flex\">\n<div class=\"wp-block-column is-layout-flow wp-block-column-is-layout-flow\" style=\"flex-basis:200px\"><\/div>\n\n\n\n<div class=\"wp-block-column is-layout-flow wp-block-column-is-layout-flow\"><div class=\"image-swap-container effect-fade\" style=\"border-radius:8px;width:100%;height:auto;\"><img decoding=\"async\" class=\"default-image\" src=\"https:\/\/snowninja.ca\/wp-content\/uploads\/2021\/10\/SweepGreen.jpg\" alt=\"Default image\" style=\"transition-duration:0.4s;\"><img decoding=\"async\" class=\"hover-image\"  src=\"https:\/\/snowninja.ca\/wp-content\/uploads\/2019\/10\/SnowNinja-Bliazzrd-Logo-Web.png\" alt=\"Hover image\" style=\"transition-duration:0.4s;\"><\/div>\n\n\n<h3 class=\"wp-block-heading has-text-align-center\"><a href=\"https:\/\/snowninja.ca\/fr\/sweep-2\/\" data-type=\"page\" data-id=\"315\">SWEEP<\/a><\/h3>\n<\/div>\n\n\n\n<div class=\"wp-block-column is-layout-flow wp-block-column-is-layout-flow\"><div class=\"image-swap-container effect-fade\" style=\"border-radius:8px;width:100%;height:auto;\"><img decoding=\"async\" class=\"default-image\" src=\"https:\/\/snowninja.ca\/wp-content\/uploads\/2021\/10\/StormGreen.jpg\" alt=\"Default image\" style=\"transition-duration:0.4s;\"><img decoding=\"async\" class=\"hover-image\"  src=\"https:\/\/snowninja.ca\/wp-content\/uploads\/2021\/10\/SnowNinja-Storm-Logo-Web.png\" alt=\"Hover image\" style=\"transition-duration:0.4s;\"><\/div>\n\n\n<h3 class=\"wp-block-heading has-text-align-center\"><a href=\"https:\/\/snowninja.ca\/fr\/tempete\/\" data-type=\"page\" data-id=\"533\">TEMP\u00caTE<\/a><\/h3>\n<\/div>\n\n\n\n<div class=\"wp-block-column is-layout-flow wp-block-column-is-layout-flow\" style=\"flex-basis:200px\"><\/div>\n<\/div>\n\n\n\n<div class=\"wp-block-media-text alignwide has-media-on-the-right is-stacked-on-mobile\"><div class=\"wp-block-media-text__content\">\n<h3 class=\"wp-block-heading\">LES POILS LES PLUS DOUX<\/h3>\n\n\n\n<p class=\"has-normal-font-size\">Faits des meilleurs mat\u00e9riaux et fabriqu\u00e9s sous contr\u00f4le num\u00e9rique, les poils du SNOW NINJA offrent un d\u00e9neigement efficace.<\/p>\n\n\n\n<p>Disponible sur les balais \u00e0 neige <strong>Bristle<\/strong>, <strong>T-Plow, Sweep <\/strong>et <strong>Temp\u00eate<\/strong><\/p>\n<\/div><figure class=\"wp-block-media-text__media\"><img loading=\"lazy\" decoding=\"async\" width=\"457\" height=\"414\" src=\"https:\/\/snowninja.ca\/wp-content\/uploads\/2026\/05\/BristleBrush.jpg\" alt=\"\" class=\"wp-image-634 size-full\" srcset=\"https:\/\/snowninja.ca\/wp-content\/uploads\/2026\/05\/BristleBrush.jpg 457w, https:\/\/snowninja.ca\/wp-content\/uploads\/2026\/05\/BristleBrush-300x272.jpg 300w\" sizes=\"auto, (max-width: 457px) 100vw, 457px\" \/><\/figure><\/div>\n\n\n\n<div class=\"wp-block-media-text alignwide is-stacked-on-mobile\"><figure class=\"wp-block-media-text__media\"><img loading=\"lazy\" decoding=\"async\" width=\"1000\" height=\"897\" src=\"https:\/\/snowninja.ca\/wp-content\/uploads\/2019\/10\/FlexibleSraper.png\" alt=\"\" class=\"wp-image-150 size-full\" srcset=\"https:\/\/snowninja.ca\/wp-content\/uploads\/2019\/10\/FlexibleSraper.png 1000w, https:\/\/snowninja.ca\/wp-content\/uploads\/2019\/10\/FlexibleSraper-300x269.png 300w, https:\/\/snowninja.ca\/wp-content\/uploads\/2019\/10\/FlexibleSraper-768x689.png 768w\" sizes=\"auto, (max-width: 1000px) 100vw, 1000px\" \/><\/figure><div class=\"wp-block-media-text__content\">\n<h3 class=\"wp-block-heading\">GRATTOIR FLEXIBLE<\/h3>\n\n\n\n<p class=\"has-normal-font-size\">Tous les balais \u00e0 neige SNOW NINJA sont \u00e9quip\u00e9s de ce grattoir flexible, unique et brevet\u00e9. Il s&rsquo;adapte \u00e0 toutes vos fen\u00eatres et aux courbes de pare-brise pour un d\u00e9givrage parfait et uniforme.<\/p>\n\n\n\n<p class=\"has-normal-font-size\">Disponible sur tous les balais \u00e0 neige <strong>Snow Ninja<\/strong>.<\/p>\n<\/div><\/div>\n\n\n\n<p><\/p>\n","protected":false},"excerpt":{"rendered":"<p>GRATTOIR BRISTLE T-PLOW SWEEP TEMP\u00caTE LES POILS LES PLUS DOUX Faits des meilleurs mat\u00e9riaux et fabriqu\u00e9s sous contr\u00f4le num\u00e9rique, les poils du SNOW NINJA offrent un d\u00e9neigement efficace.&hellip;<\/p>\n","protected":false},"author":2,"featured_media":0,"parent":0,"menu_order":0,"comment_status":"closed","ping_status":"closed","template":"template-full-width.php","meta":{"footnotes":""},"class_list":["post-362","page","type-page","status-publish","has-post-thumbnail","hentry"],"_links":{"self":[{"href":"https:\/\/snowninja.ca\/fr\/wp-json\/wp\/v2\/pages\/362","targetHints":{"allow":["GET"]}}],"collection":[{"href":"https:\/\/snowninja.ca\/fr\/wp-json\/wp\/v2\/pages"}],"about":[{"href":"https:\/\/snowninja.ca\/fr\/wp-json\/wp\/v2\/types\/page"}],"author":[{"embeddable":true,"href":"https:\/\/snowninja.ca\/fr\/wp-json\/wp\/v2\/users\/2"}],"replies":[{"embeddable":true,"href":"https:\/\/snowninja.ca\/fr\/wp-json\/wp\/v2\/comments?post=362"}],"version-history":[{"count":9,"href":"https:\/\/snowninja.ca\/fr\/wp-json\/wp\/v2\/pages\/362\/revisions"}],"predecessor-version":[{"id":823,"href":"https:\/\/snowninja.ca\/fr\/wp-json\/wp\/v2\/pages\/362\/revisions\/823"}],"wp:attachment":[{"href":"https:\/\/snowninja.ca\/fr\/wp-json\/wp\/v2\/media?parent=362"}],"curies":[{"name":"wp","href":"https:\/\/api.w.org\/{rel}","templated":true}]}}