{"id":779,"date":"2026-05-08T10:29:10","date_gmt":"2026-05-08T10:29:10","guid":{"rendered":"https:\/\/snowninja.ca\/?page_id=779"},"modified":"2026-05-08T10:35:33","modified_gmt":"2026-05-08T10:35:33","slug":"bristle","status":"publish","type":"page","link":"https:\/\/snowninja.ca\/fr\/bristle\/","title":{"rendered":"BRISTLE"},"content":{"rendered":"\n<h2 class=\"wp-block-heading\">BRISTLE BALAI \u00c0 NEIGE<\/h2>\n\n\n\n<figure class=\"wp-block-image size-full\"><img loading=\"lazy\" decoding=\"async\" width=\"1000\" height=\"282\" src=\"https:\/\/snowninja.ca\/wp-content\/uploads\/2026\/05\/BristleSnowBrush-Product.jpg\" alt=\"\" class=\"wp-image-773\" srcset=\"https:\/\/snowninja.ca\/wp-content\/uploads\/2026\/05\/BristleSnowBrush-Product.jpg 1000w, https:\/\/snowninja.ca\/wp-content\/uploads\/2026\/05\/BristleSnowBrush-Product-300x85.jpg 300w, https:\/\/snowninja.ca\/wp-content\/uploads\/2026\/05\/BristleSnowBrush-Product-768x217.jpg 768w, https:\/\/snowninja.ca\/wp-content\/uploads\/2026\/05\/BristleSnowBrush-Product-540x152.jpg 540w\" sizes=\"auto, (max-width: 1000px) 100vw, 1000px\" \/><\/figure>\n\n\n\n<p>Ce balais \u00e0 neige de\u00a0<strong>SNOW NINJA<\/strong>\u00a0est con\u00e7u pour vous aider \u00e0 essuyer la neige! Le\u00a0<strong>Bristle <\/strong>de <strong>SNOW NINJA\u00a0<\/strong>vous permet de facilement balayez la neige de la voiture avec la t\u00eate \u00e0 poils.  Le grattoir flexible s\u2019adapte parfaitement \u00e0 vos fen\u00eatres et la courbe du pare-brise gr\u00e2ce \u00e0 sa flexibilit\u00e9 in\u00e9gal\u00e9e. Id\u00e9al pour tous les VUS, voitures, camions et fourgonnettes. Le\u00a0<strong>SNOW NINJA\u00a0<\/strong>a \u00e9t\u00e9 con\u00e7u au Canada (au Qu\u00e9bec, pour \u00eatre pr\u00e9cis) par des Canadiens pour une entreprise canadienne \u2026 et nous avons beaucoup de neige et beaucoup de glace \u2026<\/p>\n\n\n\n<p><strong>L\u2019hiver, on connait \u00e7a<\/strong><sup>TM<\/sup>!<\/p>\n\n\n\n<figure class=\"wp-block-image alignwide size-large\"><img loading=\"lazy\" decoding=\"async\" width=\"1024\" height=\"472\" src=\"https:\/\/snowninja.ca\/wp-content\/uploads\/2026\/05\/SnowNinja-Graphic-Bristle-FR-2-1024x472.jpg\" alt=\"\" class=\"wp-image-780\" srcset=\"https:\/\/snowninja.ca\/wp-content\/uploads\/2026\/05\/SnowNinja-Graphic-Bristle-FR-2-1024x472.jpg 1024w, https:\/\/snowninja.ca\/wp-content\/uploads\/2026\/05\/SnowNinja-Graphic-Bristle-FR-2-300x138.jpg 300w, https:\/\/snowninja.ca\/wp-content\/uploads\/2026\/05\/SnowNinja-Graphic-Bristle-FR-2-768x354.jpg 768w, https:\/\/snowninja.ca\/wp-content\/uploads\/2026\/05\/SnowNinja-Graphic-Bristle-FR-2-540x249.jpg 540w, https:\/\/snowninja.ca\/wp-content\/uploads\/2026\/05\/SnowNinja-Graphic-Bristle-FR-2-1080x498.jpg 1080w, https:\/\/snowninja.ca\/wp-content\/uploads\/2026\/05\/SnowNinja-Graphic-Bristle-FR-2.jpg 1225w\" sizes=\"auto, (max-width: 1024px) 100vw, 1024px\" \/><\/figure>\n\n\n\n<h3 class=\"wp-block-heading\">LES POILS LES PLUS DOUX<\/h3>\n\n\n\n<p>Faits des meilleurs mat\u00e9riaux et fabriqu\u00e9s sous contr\u00f4le num\u00e9rique, les poils du <strong>SNOW NINJA<\/strong> offrent un d\u00e9neigement efficace.<\/p>\n\n\n<div class=\"wp-block-image\">\n<figure class=\"aligncenter size-full\"><img loading=\"lazy\" decoding=\"async\" width=\"457\" height=\"414\" src=\"https:\/\/snowninja.ca\/wp-content\/uploads\/2026\/05\/BristleBrush-1.jpg\" alt=\"\" class=\"wp-image-775\" srcset=\"https:\/\/snowninja.ca\/wp-content\/uploads\/2026\/05\/BristleBrush-1.jpg 457w, https:\/\/snowninja.ca\/wp-content\/uploads\/2026\/05\/BristleBrush-1-300x272.jpg 300w\" sizes=\"auto, (max-width: 457px) 100vw, 457px\" \/><\/figure>\n<\/div>\n\n\n<h3 class=\"wp-block-heading\">POLE \u00c0 BOUTON-POUSSOIR &#8211; RANGEMENT FACILE<\/h3>\n\n\n\n<p>La brosse \u00e0 neige <strong>Bristle<\/strong> de <strong>SNOW NINJA <\/strong>est compos\u00e9e de deux pi\u00e8ces. Cela facilite son rangement et vous permet d&rsquo;utiliser le grattoir s\u00e9par\u00e9ment.<\/p>\n\n\n\n<figure class=\"wp-block-image size-large\"><img loading=\"lazy\" decoding=\"async\" width=\"1024\" height=\"1024\" src=\"https:\/\/snowninja.ca\/wp-content\/uploads\/2026\/05\/SnowNinja-Bristle-2Pc-Web-1024x1024.jpg\" alt=\"\" class=\"wp-image-776\" srcset=\"https:\/\/snowninja.ca\/wp-content\/uploads\/2026\/05\/SnowNinja-Bristle-2Pc-Web-1024x1024.jpg 1024w, https:\/\/snowninja.ca\/wp-content\/uploads\/2026\/05\/SnowNinja-Bristle-2Pc-Web-300x300.jpg 300w, https:\/\/snowninja.ca\/wp-content\/uploads\/2026\/05\/SnowNinja-Bristle-2Pc-Web-150x150.jpg 150w, https:\/\/snowninja.ca\/wp-content\/uploads\/2026\/05\/SnowNinja-Bristle-2Pc-Web-768x768.jpg 768w, https:\/\/snowninja.ca\/wp-content\/uploads\/2026\/05\/SnowNinja-Bristle-2Pc-Web-540x540.jpg 540w, https:\/\/snowninja.ca\/wp-content\/uploads\/2026\/05\/SnowNinja-Bristle-2Pc-Web-1080x1080.jpg 1080w, https:\/\/snowninja.ca\/wp-content\/uploads\/2026\/05\/SnowNinja-Bristle-2Pc-Web.jpg 1500w\" sizes=\"auto, (max-width: 1024px) 100vw, 1024px\" \/><\/figure>\n\n\n\n<h3 class=\"wp-block-heading\">GRATTOIR FLEXIBLE<\/h3>\n\n\n\n<p>Tous les balais <strong>SNOW NINJA<\/strong> sont \u00e9quip\u00e9s de ce grattoir flexible unique et brevet\u00e9. Il s\u2019adapte \u00e0 toutes vos fen\u00eatres et aux courbes de pare-brise pour un d\u00e9givrage parfait et uniforme.<\/p>\n\n\n\n<figure class=\"wp-block-image size-full\"><img loading=\"lazy\" decoding=\"async\" width=\"556\" height=\"329\" src=\"https:\/\/snowninja.ca\/wp-content\/uploads\/2019\/10\/Flexiblescraper.png\" alt=\"\" class=\"wp-image-329\" srcset=\"https:\/\/snowninja.ca\/wp-content\/uploads\/2019\/10\/Flexiblescraper.png 556w, https:\/\/snowninja.ca\/wp-content\/uploads\/2019\/10\/Flexiblescraper-300x178.png 300w\" sizes=\"auto, (max-width: 556px) 100vw, 556px\" \/><\/figure>\n\n\n\n<div class=\"wp-block-columns is-layout-flex wp-container-core-columns-is-layout-9d6595d7 wp-block-columns-is-layout-flex\">\n<div class=\"wp-block-column is-layout-flow wp-block-column-is-layout-flow\">\n<figure class=\"wp-block-image size-full\"><img loading=\"lazy\" decoding=\"async\" width=\"500\" height=\"449\" src=\"https:\/\/snowninja.ca\/wp-content\/uploads\/2019\/10\/TestedForWinter-Fr.png\" alt=\"\" class=\"wp-image-707\" srcset=\"https:\/\/snowninja.ca\/wp-content\/uploads\/2019\/10\/TestedForWinter-Fr.png 500w, https:\/\/snowninja.ca\/wp-content\/uploads\/2019\/10\/TestedForWinter-Fr-300x269.png 300w\" sizes=\"auto, (max-width: 500px) 100vw, 500px\" \/><\/figure>\n<\/div>\n\n\n\n<div class=\"wp-block-column is-layout-flow wp-block-column-is-layout-flow\">\n<figure class=\"wp-block-image size-full\"><img loading=\"lazy\" decoding=\"async\" width=\"500\" height=\"449\" src=\"https:\/\/snowninja.ca\/wp-content\/uploads\/2019\/10\/HaevyDutyCanadianDesignFR.png\" alt=\"\" class=\"wp-image-706\" srcset=\"https:\/\/snowninja.ca\/wp-content\/uploads\/2019\/10\/HaevyDutyCanadianDesignFR.png 500w, https:\/\/snowninja.ca\/wp-content\/uploads\/2019\/10\/HaevyDutyCanadianDesignFR-300x269.png 300w\" sizes=\"auto, (max-width: 500px) 100vw, 500px\" \/><\/figure>\n<\/div>\n<\/div>\n\n\n\n<h3 class=\"wp-block-heading\">Caract\u00e9ristiques :<\/h3>\n\n\n\n<ul class=\"wp-block-list\">\n<li>Les poils les plus doux<\/li>\n\n\n\n<li>Prise confortable pour facilit\u00e9 \u00e0 l&rsquo;utilisation<\/li>\n\n\n\n<li>36  pouces (91 cm)<\/li>\n\n\n\n<li>Se divise en deux pi\u00e8ces pour un rangement facile<\/li>\n\n\n\n<li>Grattoir flexible<\/li>\n\n\n\n<li>Test\u00e9 pour l&rsquo;hiver \u00e0 -40\u00b0C<\/li>\n\n\n\n<li>Conception canadienne robuste<\/li>\n<\/ul>\n\n\n\n<figure class=\"wp-block-image size-large\"><img loading=\"lazy\" decoding=\"async\" width=\"1024\" height=\"1024\" src=\"https:\/\/snowninja.ca\/wp-content\/uploads\/2026\/05\/SnowNinja-Bristle-Logo-Web-1-1024x1024.jpg\" alt=\"\" class=\"wp-image-777\" srcset=\"https:\/\/snowninja.ca\/wp-content\/uploads\/2026\/05\/SnowNinja-Bristle-Logo-Web-1-1024x1024.jpg 1024w, https:\/\/snowninja.ca\/wp-content\/uploads\/2026\/05\/SnowNinja-Bristle-Logo-Web-1-300x300.jpg 300w, https:\/\/snowninja.ca\/wp-content\/uploads\/2026\/05\/SnowNinja-Bristle-Logo-Web-1-150x150.jpg 150w, https:\/\/snowninja.ca\/wp-content\/uploads\/2026\/05\/SnowNinja-Bristle-Logo-Web-1-768x768.jpg 768w, https:\/\/snowninja.ca\/wp-content\/uploads\/2026\/05\/SnowNinja-Bristle-Logo-Web-1-540x540.jpg 540w, https:\/\/snowninja.ca\/wp-content\/uploads\/2026\/05\/SnowNinja-Bristle-Logo-Web-1-1080x1080.jpg 1080w, https:\/\/snowninja.ca\/wp-content\/uploads\/2026\/05\/SnowNinja-Bristle-Logo-Web-1.jpg 1500w\" sizes=\"auto, (max-width: 1024px) 100vw, 1024px\" \/><\/figure>\n","protected":false},"excerpt":{"rendered":"<p>BRISTLE BALAI \u00c0 NEIGE Ce balais \u00e0 neige de\u00a0SNOW NINJA\u00a0est con\u00e7u pour vous aider \u00e0 essuyer la neige! Le\u00a0Bristle de SNOW NINJA\u00a0vous permet de facilement balayez la neige&hellip;<\/p>\n","protected":false},"author":2,"featured_media":0,"parent":0,"menu_order":0,"comment_status":"closed","ping_status":"closed","template":"","meta":{"footnotes":""},"class_list":["post-779","page","type-page","status-publish","has-post-thumbnail","hentry"],"_links":{"self":[{"href":"https:\/\/snowninja.ca\/fr\/wp-json\/wp\/v2\/pages\/779","targetHints":{"allow":["GET"]}}],"collection":[{"href":"https:\/\/snowninja.ca\/fr\/wp-json\/wp\/v2\/pages"}],"about":[{"href":"https:\/\/snowninja.ca\/fr\/wp-json\/wp\/v2\/types\/page"}],"author":[{"embeddable":true,"href":"https:\/\/snowninja.ca\/fr\/wp-json\/wp\/v2\/users\/2"}],"replies":[{"embeddable":true,"href":"https:\/\/snowninja.ca\/fr\/wp-json\/wp\/v2\/comments?post=779"}],"version-history":[{"count":1,"href":"https:\/\/snowninja.ca\/fr\/wp-json\/wp\/v2\/pages\/779\/revisions"}],"predecessor-version":[{"id":781,"href":"https:\/\/snowninja.ca\/fr\/wp-json\/wp\/v2\/pages\/779\/revisions\/781"}],"wp:attachment":[{"href":"https:\/\/snowninja.ca\/fr\/wp-json\/wp\/v2\/media?parent=779"}],"curies":[{"name":"wp","href":"https:\/\/api.w.org\/{rel}","templated":true}]}}